{"id":3,"date":"2020-03-15T16:10:46","date_gmt":"2020-03-15T15:10:46","guid":{"rendered":"http:\/\/alexfruehling.de\/?page_id=3"},"modified":"2020-03-30T12:24:51","modified_gmt":"2020-03-30T10:24:51","slug":"datenschutzerklaerung","status":"publish","type":"page","link":"http:\/\/alexfruehling.de\/?page_id=3","title":{"rendered":"Datenschutzerkl\u00e4rung"},"content":{"rendered":"\n<p><strong>Datenschutzerkl\u00e4rung nach der geltenden Datenschutzgrundverordnung (DSGVO)<\/strong><br><\/p>\n\n\n\n<p>Datenschutzverantwortlicher ist der Inhaber dieser Webseite:<\/p>\n\n\n\n<p>                      <strong>Alexandra Fr\u00fchling<\/strong><br>                      Am Alten Stellwerk 30<br>                      D-50733 K\u00f6ln<br><br>                      <br>                      E-Mail: <a href=\"mailto:info@alexfruehling.de\">info[at]alexfruehling.de<\/a><br><\/p>\n\n\n\n<p>Durch die Nutzung meiner Webseite werden personenbezogene Daten\n (also Daten, die einen eindeutigen Bezug zu Ihrer Person erkennbar \nwerden lassen) von Ihnen als Nutzer\/Besucher erhoben. Diese sind: <\/p>\n\n\n\n<p>&#8211; Nutzungsdaten (z.B. Datum, Zeit und Dauer des Zugriffs, besuchte Webseiten, \u00fcbertragene Datenmenge)<br>\n\t\t\t\t\t\t&#8211; Meta-\/Kommunikationsdaten (z.B. IP-Adressen, Suchbegriffe)<br><\/p>\n\n\n\n<p>Diese Daten werden von meinem Webspace-Provider als sogenannte \nServerlogfiles gespeichert. Die Verarbeitung dieser personenbezogenen \nDaten dient dabei der statistischen Auswertung im Rahmen des \nOnlineangebotes, seiner Funktion und Inhalte und der Sicherheit.<br>\n\t\t\t\t\t Ich behandele Ihre Daten stets vertraulich und im Einklang mit den\n gesetzlichen Datenschutzvorschriften und mit dieser \nDatenschutzerkl\u00e4rung.<br><\/p>\n\n\n\n<p>Sie haben als Nutzer\/Besucher das Recht, auf Antrag  unentgeltlich Auskunft \u00fcber die personenbezogenen Daten, die von mir  oder meinem Webspace-Provider erhoben wurden, zu erhalten. <br>  Ausserdem haben Sie als Nutzer\/Besucher das Recht, falsche Daten  berichtigen und\/oder ihre personenbezogenen Daten l\u00f6schen bzw. sperren  zu lassen, falls dem keine gesetzlichen Aufbewahrungspflichten  entgegenstehen.<br>  Ebenso k\u00f6nnen Sie als Nutzer\/Besucher meiner Webseite \u00c4nderungen  oder den Widerruf einer Einwilligung durch entsprechende Mitteilung an  mich mit Wirkung f\u00fcr die Zukunft vornehmen.<br>  Sie haben au\u00dferdem das Recht zur Beschwerde bei einer  Aufsichtsbeh\u00f6rde. Die f\u00fcr mich zust\u00e4ndige Beh\u00f6rde ist der oder die  Landesbeauftragte f\u00fcr den Datenschutz im Bundesland Nordrhein-Westfalen.<br><br>  Wenn Sie Fragen haben, die Ihnen diese Datenschutzerkl\u00e4rung nicht  beantworten konnte, oder wenn Sie zu einem wesentlichen Punkt weitere  Informationen ben\u00f6tigen oder Hinweise geben m\u00f6chten, senden Sie mir  bitte eine E-Mail mit Ihren Fragen oder W\u00fcnschen an info@alexfruehling.de.<br><br>Stand der Datenschutzerkl\u00e4rung: 28.03.2020<\/p>\n\n\n\n<p><\/p>\n\n\n\n<p> &#8212;<\/p>\n\n\n\n<h2>Wer wir sind<\/h2>\n\n\n\n<p>Die Adresse unserer Website ist: http:\/\/alexfruehling.de.<\/p>\n\n\n\n<h2>Welche personenbezogenen Daten wir sammeln und warum wir sie sammeln<\/h2>\n\n\n\n<h3>Kommentare<\/h3>\n\n\n\n<p>Wenn Besucher Kommentare auf der Website schreiben, sammeln wir die Daten, die im Kommentar-Formular angezeigt werden, au\u00dferdem die IP-Adresse des Besuchers und den User-Agent-String (damit wird der Browser identifiziert), um die Erkennung von Spam zu unterst\u00fctzen.<\/p>\n\n\n\n<p>Aus deiner E-Mail-Adresse kann eine anonymisierte Zeichenfolge erstellt (auch Hash genannt) und dem Gravatar-Dienst \u00fcbergeben werden, um zu pr\u00fcfen, ob du diesen benutzt. Die Datenschutzerkl\u00e4rung des Gravatar-Dienstes findest du hier: https:\/\/automattic.com\/privacy\/. Nachdem dein Kommentar freigegeben wurde, ist dein Profilbild \u00f6ffentlich im Kontext deines Kommentars sichtbar.<\/p>\n\n\n\n<h3>Medien<\/h3>\n\n\n\n<p>Wenn du ein registrierter Benutzer bist und Fotos auf diese Website l\u00e4dst, solltest du vermeiden, Fotos mit einem EXIF-GPS-Standort hochzuladen. Besucher dieser Website k\u00f6nnten Fotos, die auf dieser Website gespeichert sind, herunterladen und deren Standort-Informationen extrahieren.<\/p>\n\n\n\n<h3>Kontaktformulare<\/h3>\n\n\n\n<h3>Cookies<\/h3>\n\n\n\n<p>Wenn du einen Kommentar auf unserer Website schreibst, kann das eine Einwilligung sein, deinen Namen, E-Mail-Adresse und Website in Cookies zu speichern. Dies ist eine Komfortfunktion, damit du nicht, wenn du einen weiteren Kommentar schreibst, all diese Daten erneut eingeben musst. Diese Cookies werden ein Jahr lang gespeichert.<\/p>\n\n\n\n<p>Falls du ein Konto hast und dich auf dieser Website anmeldest, werden wir ein tempor\u00e4res Cookie setzen, um festzustellen, ob dein Browser Cookies akzeptiert. Dieses Cookie enth\u00e4lt keine personenbezogenen Daten und wird verworfen, wenn du deinen Browser schlie\u00dft.<\/p>\n\n\n\n<p>Wenn du dich anmeldest, werden wir einige Cookies einrichten, um deine Anmeldeinformationen und Anzeigeoptionen zu speichern. Anmelde-Cookies verfallen nach zwei Tagen und Cookies f\u00fcr die Anzeigeoptionen nach einem Jahr. Falls du bei der Anmeldung \u201eAngemeldet bleiben\u201c ausw\u00e4hlst, wird deine Anmeldung zwei Wochen lang aufrechterhalten. Mit der Abmeldung aus deinem Konto werden die Anmelde-Cookies gel\u00f6scht.<\/p>\n\n\n\n<p>Wenn du einen Artikel bearbeitest oder ver\u00f6ffentlichst, wird ein zus\u00e4tzlicher Cookie in deinem Browser gespeichert. Dieser Cookie enth\u00e4lt keine personenbezogenen Daten und verweist nur auf die Beitrags-ID des Artikels, den du gerade bearbeitet hast. Der Cookie verf\u00e4llt nach einem Tag.<\/p>\n\n\n\n<h3>Eingebettete Inhalte von anderen Websites<\/h3>\n\n\n\n<p>Beitr\u00e4ge auf dieser Website k\u00f6nnen eingebettete Inhalte beinhalten (z.&nbsp;B. Videos, Bilder, Beitr\u00e4ge etc.). Eingebettete Inhalte von anderen Websites verhalten sich exakt so, als ob der Besucher die andere Website besucht h\u00e4tte.<\/p>\n\n\n\n<p>Diese Websites k\u00f6nnen Daten \u00fcber dich sammeln, Cookies benutzen, zus\u00e4tzliche Tracking-Dienste von Dritten einbetten und deine Interaktion mit diesem eingebetteten Inhalt aufzeichnen, inklusive deiner Interaktion mit dem eingebetteten Inhalt, falls du ein Konto hast und auf dieser Website angemeldet bist.<\/p>\n\n\n\n<h3>Analysedienste<\/h3>\n\n\n\n<h2>Mit wem wir deine Daten teilen<\/h2>\n\n\n\n<h2>Wie lange wir deine Daten speichern<\/h2>\n\n\n\n<p>Wenn du einen Kommentar schreibst, wird dieser inklusive Metadaten zeitlich unbegrenzt gespeichert. Auf diese Art k\u00f6nnen wir Folgekommentare automatisch erkennen und freigeben, anstelle sie in einer Moderations-Warteschlange festzuhalten.<\/p>\n\n\n\n<p>F\u00fcr Benutzer, die sich auf unserer Website registrieren, speichern wir zus\u00e4tzlich die pers\u00f6nlichen Informationen, die sie in ihren Benutzerprofilen angeben. Alle Benutzer k\u00f6nnen jederzeit ihre pers\u00f6nlichen Informationen einsehen, ver\u00e4ndern oder l\u00f6schen (der Benutzername kann nicht ver\u00e4ndert werden). Administratoren der Website k\u00f6nnen diese Informationen ebenfalls einsehen und ver\u00e4ndern.<\/p>\n\n\n\n<h2>Welche Rechte du an deinen Daten hast<\/h2>\n\n\n\n<p>Wenn du ein Konto auf dieser Website besitzt oder Kommentare geschrieben hast, kannst du einen Export deiner personenbezogenen Daten bei uns anfordern, inklusive aller Daten, die du uns mitgeteilt hast. Dar\u00fcber hinaus kannst du die L\u00f6schung aller personenbezogenen Daten, die wir von dir gespeichert haben, anfordern. Dies umfasst nicht die Daten, die wir aufgrund administrativer, rechtlicher oder sicherheitsrelevanter Notwendigkeiten aufbewahren m\u00fcssen.<\/p>\n\n\n\n<h2>Wohin wir deine Daten senden<\/h2>\n\n\n\n<p>Besucher-Kommentare k\u00f6nnten von einem automatisierten Dienst zur Spam-Erkennung untersucht werden.<\/p>\n\n\n\n<h2>Deine Kontakt-Informationen<\/h2>\n\n\n\n<h2>Weitere Informationen<\/h2>\n\n\n\n<h3>Wie wir deine Daten sch\u00fctzen<\/h3>\n\n\n\n<h3>Welche Ma\u00dfnahmen wir bei Datenschutzverletzungen anbieten<\/h3>\n\n\n\n<h3>Von welchen Drittanbietern wir Daten erhalten<\/h3>\n\n\n\n<h3>Welche automatisierte Entscheidungsfindung und\/oder Profilerstellung wir mit Benutzerdaten durchf\u00fchren<\/h3>\n\n\n\n<h3>Vorausgesetzte Offenlegungspflichten der Industrie<\/h3>\n","protected":false},"excerpt":{"rendered":"<p>Datenschutzerkl\u00e4rung nach der geltenden Datenschutzgrundverordnung (DSGVO) Datenschutzverantwortlicher ist der Inhaber dieser Webseite: Alexandra Fr\u00fchling Am Alten Stellwerk 30 D-50733 K\u00f6ln E-Mail: info[at]alexfruehling.de Durch die Nutzung meiner Webseite werden personenbezogene Daten (also Daten, die einen eindeutigen Bezug zu Ihrer Person erkennbar werden lassen) von Ihnen als Nutzer\/Besucher erhoben. Diese sind: &#8211; Nutzungsdaten (z.B. Datum, Zeit und [&hellip;]<\/p>\n","protected":false},"author":1,"featured_media":0,"parent":0,"menu_order":0,"comment_status":"closed","ping_status":"open","template":"","meta":[],"_links":{"self":[{"href":"http:\/\/alexfruehling.de\/index.php?rest_route=\/wp\/v2\/pages\/3"}],"collection":[{"href":"http:\/\/alexfruehling.de\/index.php?rest_route=\/wp\/v2\/pages"}],"about":[{"href":"http:\/\/alexfruehling.de\/index.php?rest_route=\/wp\/v2\/types\/page"}],"author":[{"embeddable":true,"href":"http:\/\/alexfruehling.de\/index.php?rest_route=\/wp\/v2\/users\/1"}],"replies":[{"embeddable":true,"href":"http:\/\/alexfruehling.de\/index.php?rest_route=%2Fwp%2Fv2%2Fcomments&post=3"}],"version-history":[{"count":3,"href":"http:\/\/alexfruehling.de\/index.php?rest_route=\/wp\/v2\/pages\/3\/revisions"}],"predecessor-version":[{"id":116,"href":"http:\/\/alexfruehling.de\/index.php?rest_route=\/wp\/v2\/pages\/3\/revisions\/116"}],"wp:attachment":[{"href":"http:\/\/alexfruehling.de\/index.php?rest_route=%2Fwp%2Fv2%2Fmedia&parent=3"}],"curies":[{"name":"wp","href":"https:\/\/api.w.org\/{rel}","templated":true}]}}