{"id":31,"date":"2020-03-15T20:57:04","date_gmt":"2020-03-15T19:57:04","guid":{"rendered":"http:\/\/alexfruehling.de\/?page_id=31"},"modified":"2021-08-23T12:33:14","modified_gmt":"2021-08-23T10:33:14","slug":"kinderkurse","status":"publish","type":"page","link":"http:\/\/alexfruehling.de\/?page_id=31","title":{"rendered":"Kinderkurse"},"content":{"rendered":"\n<h3> Kunstkurse \u2013 Kunst mit allen Sinnen &#8211; f\u00fcr Kinder und Jugendliche in K\u00f6ln-Nippes<\/h3>\n\n\n\n<p class=\"has-pale-pink-color has-text-color\" style=\"font-size:19px\"><strong>4. Ausstellung der Kinderkurse (Kindergarten\/Grundschule)<\/strong><\/p>\n\n\n\n<div class=\"is-layout-flow wp-block-group\"><div class=\"wp-block-group__inner-container\">\n<p style=\"font-size:19px\">Montag, 23. August<\/p>\n\n\n\n<p style=\"font-size:19px\">Im Birkenw\u00e4ldchen am Familienzentrum <\/p>\n\n\n\n<p style=\"font-size:19px\">Lokomotivstr. 162 (Autofreie Siedlung)<\/p>\n\n\n\n<p>.<\/p>\n<\/div><\/div>\n\n\n\n<p class=\"has-pale-pink-color has-text-color\" style=\"font-size:19px\"><strong>5. Ausstellung der Jugendkurse<\/strong><\/p>\n\n\n\n<p style=\"font-size:19px\">Dienstag, 24. August<\/p>\n\n\n\n<p style=\"font-size:19px\">Im Birkenw\u00e4ldchen am Familienzentrum<\/p>\n\n\n\n<p style=\"font-size:19px\">Lokomotivstr. 162 (Autofreie Siedlung)<\/p>\n\n\n\n<p>___________________________________________________________________<\/p>\n\n\n\n<p><\/p>\n\n\n\n<p class=\"has-white-color has-text-color has-medium-font-size\">Ich bin K\u00fcnstlerin und gebe seit \u00fcber zehn Jahren regelm\u00e4\u00dfig Kunstkurse und Workshops f\u00fcr Kinder und Jugendliche in Nippes, z. Z. im Atelier der Kunstwerkschule Nippes (Schillstr. 9).<\/p>\n\n\n\n<p class=\"has-white-color has-text-color has-medium-font-size\"> Die Kinder lernen bei mir, mit unterschiedlichen Materialien,  insbesondere Naturmaterialien wie Ton, Stein und Holz zu arbeiten.  Mithilfe verschiedener Zeichen- und Maltechniken, inspiriert von  Kunstgeschichte bzw. zeitgen\u00f6ssischen K\u00fcnstlern kreieren sie ihre  eigenen Kunstwerke. <\/p>\n\n\n\n<p class=\"has-black-color has-text-color\"><\/p>\n\n\n\n<p class=\"has-black-color has-text-color\"> <\/p>\n\n\n\n<p class=\"has-black-color has-text-color\"> <\/p>\n\n\n\n<p class=\"has-medium-font-size\"> Dabei m\u00f6chte ich mit meinem ganzheitlichen Konzept die noch freie  Kreativit\u00e4t der Kinder mit Hilfe von Sinneserfahrungen mit  Naturmaterialien st\u00e4rken und damit das Selbstbewusstsein der Kinder  f\u00f6rdern. <\/p>\n\n\n\n<p class=\"has-medium-font-size\">Die Kinder und Jugendlichen erlernen mit Hilfe von &#8222;Kunst mit allen Sinnen&#8220; k\u00fcnstlerische F\u00e4higkeiten und Fertigkeiten. Ziel ist Kreativit\u00e4t zu entwickeln, die als Basis f\u00fcr k\u00fcnstlerische T\u00e4tigkeiten und Ausdruck dient. <\/p>\n\n\n\n<p class=\"has-medium-font-size\"><strong>Meine w\u00f6chentlichen Kurse &#8211; Kunst mit allen Sinnen<\/strong><\/p>\n\n\n\n<p>\n<table border=\"0\"><!-- Kursdaten \/\/-->\n         <tr>\n          <td width=\"300\" class=\"fett\">Montag\n          <\/td>\n          <td width=\"240\" class=\"fett\">Dienstag\n          <\/td>\n         <\/tr>\n         <tr>\n          <td width=\"300\">15.20 &#8211; 16.20 Uhr (ab ca. 7 Jahren)\n          <\/td>\n          <td width=\"240\">15.20 &#8211; 16.20 Uhr (ab ca. 9 J.)\n\t\t  <\/td>\n         <\/tr>\n         <tr>\n          <td width=\"300\">16.30 &#8211; 17.30 Uhr (ab ca. 4 J.)\n          <\/td>\n          <td width=\"240\">16.20 &#8211; 17:20 Uhr (ab ca. 13 J.)\n          <\/td>\n         <\/tr>\n        <\/table>\n<\/p>\n\n\n\n<p class=\"has-medium-font-size\">Inhalte der Kurse sind zum Beispiel<\/p>\n\n\n\n<p class=\"has-medium-font-size\"> <\/p>\n\n\n\n<ul><li>Zeichnen lernen, Licht- und Schatten-Techniken, Umsetzung in Malerei<\/li><\/ul>\n\n\n\n<ul><li>Naturfarben (z.B. aus Walnussschalen) und Naturpinsel herstellen, Steine und H\u00f6lzer bearbeiten und bemalen <\/li><\/ul>\n\n\n\n<ul><li>Leinwand je nach Jahreszeit mit Naturmaterialien gestalten,  als Farben f\u00fcr die J\u00fcngeren klassische K\u00fcnstlerfarben Aquarell\/Gouache  und f\u00fcr die Gr\u00f6\u00dferen Acryl\/\u00d6l <\/li><\/ul>\n\n\n\n<ul><li>Skulpturen aus Stein oder Ton entwickeln <\/li><\/ul>\n\n\n\n<ul><li>Lehm\/Ton , Gr\u00e4ser, Steine und Holz in der Natur sammeln und mit unterschiedlichen Techniken bearbeiten <\/li><\/ul>\n\n\n\n<p> &nbsp;<\/p>\n\n\n\n<p><\/p>\n\n\n\n<p class=\"has-medium-font-size\">Alle Sinne werden damit angesprochen und die eigenen sch\u00f6pferischen  F\u00e4higkeiten entwickelt und unterst\u00fctzt. Es geht dabei nicht nur um Sehen  und Riechen, sondern auch um H\u00f6ren (Holz und Steinkl\u00e4nge, Musik machen  mit Naturmaterialien), Tasten und F\u00fchlen.    <\/p>\n\n\n\n<p class=\"has-medium-font-size\">Selbstverst\u00e4ndlich werden Grunds\u00e4tze und Fertigkeiten der k\u00fcnstlerischen T\u00e4tigkeiten und Techniken vermittelt &#8211; jeder wird als eigenst\u00e4ndiger K\u00fcnstler von mir gef\u00f6rdert.<\/p>\n\n\n\n<p class=\"has-medium-font-size\">Die Ideen der Kinder sind der Leitfaden f\u00fcr kreative Arbeit.<\/p>\n\n\n\n<p class=\"has-medium-font-size\"> Regelm\u00e4\u00dfig organisiere ich <a href=\"http:\/\/alexfruehling.de\/?page_id=35\">Ausstellungen<\/a> in den R\u00e4umen der Kunstwerkschule Nippes, bei denen die Kinder ihre Werke pr\u00e4sentieren k\u00f6nnen.      <\/p>\n\n\n\n<p class=\"has-pale-pink-color has-text-color has-medium-font-size\"><strong>Zur Zeit finden meine Kurse und Workshops, die im Atelier stattfinden, nach den Vorgaben des Ordnungsamtes mit Mundschutz und Abstandsregeln\/Hygieneregeln statt.<\/strong><\/p>\n","protected":false},"excerpt":{"rendered":"<p>Kunstkurse \u2013 Kunst mit allen Sinnen &#8211; f\u00fcr Kinder und Jugendliche in K\u00f6ln-Nippes 4. Ausstellung der Kinderkurse (Kindergarten\/Grundschule) Montag, 23. August Im Birkenw\u00e4ldchen am Familienzentrum Lokomotivstr. 162 (Autofreie Siedlung) . 5. Ausstellung der Jugendkurse Dienstag, 24. August Im Birkenw\u00e4ldchen am Familienzentrum Lokomotivstr. 162 (Autofreie Siedlung) ___________________________________________________________________ Ich bin K\u00fcnstlerin und gebe seit \u00fcber zehn Jahren [&hellip;]<\/p>\n","protected":false},"author":1,"featured_media":0,"parent":0,"menu_order":0,"comment_status":"closed","ping_status":"closed","template":"","meta":[],"_links":{"self":[{"href":"http:\/\/alexfruehling.de\/index.php?rest_route=\/wp\/v2\/pages\/31"}],"collection":[{"href":"http:\/\/alexfruehling.de\/index.php?rest_route=\/wp\/v2\/pages"}],"about":[{"href":"http:\/\/alexfruehling.de\/index.php?rest_route=\/wp\/v2\/types\/page"}],"author":[{"embeddable":true,"href":"http:\/\/alexfruehling.de\/index.php?rest_route=\/wp\/v2\/users\/1"}],"replies":[{"embeddable":true,"href":"http:\/\/alexfruehling.de\/index.php?rest_route=%2Fwp%2Fv2%2Fcomments&post=31"}],"version-history":[{"count":72,"href":"http:\/\/alexfruehling.de\/index.php?rest_route=\/wp\/v2\/pages\/31\/revisions"}],"predecessor-version":[{"id":555,"href":"http:\/\/alexfruehling.de\/index.php?rest_route=\/wp\/v2\/pages\/31\/revisions\/555"}],"wp:attachment":[{"href":"http:\/\/alexfruehling.de\/index.php?rest_route=%2Fwp%2Fv2%2Fmedia&parent=31"}],"curies":[{"name":"wp","href":"https:\/\/api.w.org\/{rel}","templated":true}]}}