{"id":313,"date":"2020-05-15T13:05:38","date_gmt":"2020-05-15T11:05:38","guid":{"rendered":"http:\/\/alexfruehling.de\/?page_id=313"},"modified":"2022-09-27T13:51:13","modified_gmt":"2022-09-27T11:51:13","slug":"alex-fruehling","status":"publish","type":"page","link":"http:\/\/alexfruehling.de\/?page_id=313","title":{"rendered":"Alex Fr\u00fchling"},"content":{"rendered":"\n<div class=\"is-layout-flex wp-container-5 wp-block-columns\">\n<div class=\"is-layout-flow wp-block-column\">\n<p><\/p>\n\n\n\n<p>Alexandra Fr\u00fchling zeigt eine Auswahl ihrer Skulpturen und Bilder auf Holz und Leinwand, bei denen Naturmaterialien zum Einsatz kommen. <\/p>\n\n\n\n<p>Sie besch\u00e4ftigt sich intensiv mit dem Menschen, insbesondere der Art, wie er sich in die Natur integriert &#8211; dabei erz\u00e4hlt jedes ihrer Bilder mit seiner Symbiose von Form, Farbe und Natur eine eigene Geschichte. <\/p>\n\n\n\n<p>Fr\u00fchlings Leben in einer autofreien Siedlung in K\u00f6ln und ihre teils in Italien lebende Familie sind f\u00fcr sie ma\u00dfgebende Inspirationsquellen.<\/p>\n\n\n\n<p><\/p>\n\n\n\n<p class=\"has-text-align-center\" style=\"font-size:24px\">Vita<\/p>\n\n\n\n<ul><li>Geboren 1972 in M\u00fcnster, dort Abitur 1991<\/li><li>1991-1993 Studium der Islamwissenschaften, Aktzeichnen Universit\u00e4t M\u00fcnster<\/li><li>1993-1996 Ausbildung als Buchh\u00e4ndlerin<\/li><li>Lebt und arbeitetet als freischaffende K\u00fcnstlerin in K\u00f6ln, seit 1998 verschiedene Gruppen- und Einzelausstellungen<\/li><li>Ab 2000 Ateliert\u00e4tigkeit und Besuch der freien Akademie f\u00fcr k\u00fcnstlerische Ausbildung K\u00f6ln (\u00d6lmalerei)<\/li><li>2002-2007 Keramische Ausbildung bei der Bildhauerin N. Hager-Stalp <\/li><li>Ab Oktober 2007 Dozentin f\u00fcr &#8222;Kunst mit allen Sinnen&#8220; (Kinderkurse mit Naturmaterialien) und Kunstprojekte in Kinderg\u00e4rten und Schulen <\/li><li>Verheiratet, zwei Kinder<\/li><\/ul>\n\n\n\n<p class=\"has-text-align-center\" style=\"font-size:24px\">Austtellungen<\/p>\n\n\n\n<p class=\"has-text-align-center\">(eine Auswahl)<\/p>\n\n\n\n<p class=\"has-text-align-center\"> <\/p>\n\n\n\n<p class=\"has-text-align-center has-medium-font-size\">2022 <\/p>\n\n\n\n<p>&#8222;Meer -Flora&#8220;, Einzelausstellung im Torhaus der K\u00f6lner Flora, Malerei und Skulptur<\/p>\n\n\n\n<p><\/p>\n\n\n\n<p class=\"has-text-align-center has-medium-font-size\">2021 <\/p>\n\n\n\n<p>Offene Ateliers &#8211;  Malerei- 18. September (BBK K\u00f6ln)       Boissereestr. 5, K\u00f6ln<\/p>\n\n\n\n<p class=\"has-text-align-center has-medium-font-size\">2020  <\/p>\n\n\n\n<p> Offene Ateliers-Skulptur\/Objekt (BBK K\u00f6ln) &#8211; 12. September,   Boissereestr. 5, K\u00f6ln<\/p>\n\n\n\n<p class=\"has-text-align-center has-medium-font-size\">2019  <\/p>\n\n\n\n<p>3.   Kinderausstellung &#8222;Kunst mit allen Sinnen&#8220;, Kunstwerkschule Nippes, K\u00f6ln<\/p>\n\n\n\n<p class=\"has-text-align-center has-medium-font-size\">2018<\/p>\n\n\n\n<p>KfH Merheim, Malerei (\u00d6l auf Holz\/Leinwand), Gruppenausstellung<\/p>\n\n\n\n<p class=\"has-text-align-center has-medium-font-size\">2017<\/p>\n\n\n\n<p>2. Kinderausstellung &#8222;Kunst mit allen Sinnen&#8220;, Kunstwerkschule Nippes (Malerei und Skulptur)<\/p>\n\n\n\n<p class=\"has-text-align-center has-medium-font-size\">2015<\/p>\n\n\n\n<p>&#8222;Lebensbr\u00fccken&#8220; Einzelausstellung im Cranachzentrum K\u00f6ln, Malerei (\u00d6l auf Holz\/Leinwand)<\/p>\n\n\n\n<p class=\"has-text-align-center has-medium-font-size\">2014<\/p>\n\n\n\n<p>Erste Kinderaustellung &#8222;Kunst mit allen Sinnen&#8220;, Kunstwerkschule Nippes, K\u00f6ln<\/p>\n\n\n\n<p class=\"has-text-align-center has-medium-font-size\">2010 &#8211; 2014<\/p>\n\n\n\n<p>Wechselnde Dauerausstellungen bei mehrsprache e.V., K\u00f6ln<\/p>\n\n\n\n<p class=\"has-text-align-center has-medium-font-size\">2009<\/p>\n\n\n\n<p>Sonderausstellung Kulturgalerie, S\u00fcdstadt<\/p>\n\n\n\n<p class=\"has-text-align-center has-medium-font-size\">2008<\/p>\n\n\n\n<p>Offene Ateliers Ehrenfeld, Malerei (BBK, K\u00f6ln)<\/p>\n\n\n\n<p>&#8222;Symbiose&#8220; (\u00d6lmalerei), Einzelausstellung im Kulturforum Essen<\/p>\n\n\n\n<p>Bacchus, S\u00fcdstadt, abstrakt fig\u00fcrliche Licht- und Luftbilder (\u00d6l- und Acrylmalerei)<\/p>\n\n\n\n<p class=\"has-text-align-center has-medium-font-size\">2007 <\/p>\n\n\n\n<p>Offene Ateliers Ehrenfeld, Malerei (\u00d6l auf Holz\/Leinwand) und Skulptur (BBK, K\u00f6ln)<\/p>\n\n\n\n<p>&#8222;Metamorphosen der Weiblichkeit&#8220; Kunsthalle Lindenthal, Malerei (\u00d6l auf Holz\/Leinwand)<\/p>\n\n\n\n<p class=\"has-text-align-center has-medium-font-size\">2006<\/p>\n\n\n\n<p>&#8222;Kribbeln im Bauch&#8220; Einzelausstellung im Severinskl\u00f6sterchen, K\u00f6ln, Malerei und Skulptur<\/p>\n\n\n\n<p>&#8222;Bild des Monats&#8220;, Eingangsbereich des Bezirksrathauses Lindenthal, Gyn\u00e4gonie 3, \u00d6l auf Leinwand<\/p>\n\n\n\n<p class=\"has-text-align-center has-medium-font-size\">2001<\/p>\n\n\n\n<p>Gruppenausstellung &#8222;freie Akademie f\u00fcr k\u00fcnstlerische Ausbildung&#8220;, Butzweiler Hof, (\u00d6l und Acryl auf Leinwand und Holz)<\/p>\n\n\n\n<p class=\"has-text-align-center has-medium-font-size\">1999<\/p>\n\n\n\n<p>Einzelausstellung im Rahmen der &#8222;Kalker Kunstmeile&#8220;, Malerei und Zeichnung<\/p>\n\n\n\n<p class=\"has-text-align-center has-medium-font-size\">1998<\/p>\n\n\n\n<p>&#8222;Akt &#8211; etwas wird sichtbar&#8220;, Gruppenausstellung im Stollwerk, K\u00f6ln (Skulptur, Zeichnung, Malerei)<\/p>\n<\/div>\n\n\n\n<div class=\"is-layout-flow wp-block-column\">\n<figure class=\"is-layout-flex wp-block-gallery-2 wp-block-gallery alignright columns-2 is-cropped\"><ul class=\"blocks-gallery-grid\"><li class=\"blocks-gallery-item\"><figure><a href=\"http:\/\/alexfruehling.de\/wp-content\/uploads\/P1190006.jpg\"><img decoding=\"async\" loading=\"lazy\" width=\"1024\" height=\"725\" src=\"http:\/\/alexfruehling.de\/wp-content\/uploads\/P1190006-1024x725.jpg\" alt=\"\" data-id=\"300\" data-full-url=\"http:\/\/alexfruehling.de\/wp-content\/uploads\/P1190006.jpg\" data-link=\"http:\/\/alexfruehling.de\/?attachment_id=300\" class=\"wp-image-300\" srcset=\"http:\/\/alexfruehling.de\/wp-content\/uploads\/P1190006-1024x725.jpg 1024w, http:\/\/alexfruehling.de\/wp-content\/uploads\/P1190006-300x212.jpg 300w, http:\/\/alexfruehling.de\/wp-content\/uploads\/P1190006-768x544.jpg 768w, http:\/\/alexfruehling.de\/wp-content\/uploads\/P1190006-1536x1088.jpg 1536w, http:\/\/alexfruehling.de\/wp-content\/uploads\/P1190006.jpg 2038w\" sizes=\"(max-width: 1024px) 100vw, 1024px\" \/><\/a><figcaption class=\"blocks-gallery-item__caption\">Ende\nAcryl auf Leinwand, 50&#215;70 cm<\/figcaption><\/figure><\/li><li class=\"blocks-gallery-item\"><figure><a href=\"http:\/\/alexfruehling.de\/wp-content\/uploads\/100_2108-1.jpg\"><img decoding=\"async\" loading=\"lazy\" width=\"1024\" height=\"768\" src=\"http:\/\/alexfruehling.de\/wp-content\/uploads\/100_2108-1-1024x768.jpg\" alt=\"\" data-id=\"340\" data-full-url=\"http:\/\/alexfruehling.de\/wp-content\/uploads\/100_2108-1.jpg\" data-link=\"http:\/\/alexfruehling.de\/?attachment_id=340\" class=\"wp-image-340\" srcset=\"http:\/\/alexfruehling.de\/wp-content\/uploads\/100_2108-1-1024x768.jpg 1024w, http:\/\/alexfruehling.de\/wp-content\/uploads\/100_2108-1-300x225.jpg 300w, http:\/\/alexfruehling.de\/wp-content\/uploads\/100_2108-1-768x576.jpg 768w, http:\/\/alexfruehling.de\/wp-content\/uploads\/100_2108-1-1536x1152.jpg 1536w, http:\/\/alexfruehling.de\/wp-content\/uploads\/100_2108-1-2048x1536.jpg 2048w\" sizes=\"(max-width: 1024px) 100vw, 1024px\" \/><\/a><figcaption class=\"blocks-gallery-item__caption\">Gyn\u00e4gonie 1\n\u00d6l auf Leinwand, 90&#215;120 cm<\/figcaption><\/figure><\/li><li class=\"blocks-gallery-item\"><figure><a href=\"http:\/\/alexfruehling.de\/wp-content\/uploads\/20200303_111313-scaled.jpg\"><img decoding=\"async\" loading=\"lazy\" width=\"1024\" height=\"768\" src=\"http:\/\/alexfruehling.de\/wp-content\/uploads\/20200303_111313-1024x768.jpg\" alt=\"\" data-id=\"304\" data-full-url=\"http:\/\/alexfruehling.de\/wp-content\/uploads\/20200303_111313-scaled.jpg\" data-link=\"http:\/\/alexfruehling.de\/?attachment_id=304\" class=\"wp-image-304\" srcset=\"http:\/\/alexfruehling.de\/wp-content\/uploads\/20200303_111313-1024x768.jpg 1024w, http:\/\/alexfruehling.de\/wp-content\/uploads\/20200303_111313-300x225.jpg 300w, http:\/\/alexfruehling.de\/wp-content\/uploads\/20200303_111313-768x576.jpg 768w, http:\/\/alexfruehling.de\/wp-content\/uploads\/20200303_111313-1536x1152.jpg 1536w, http:\/\/alexfruehling.de\/wp-content\/uploads\/20200303_111313-2048x1536.jpg 2048w\" sizes=\"(max-width: 1024px) 100vw, 1024px\" \/><\/a><figcaption class=\"blocks-gallery-item__caption\">Drei zusammen sind eins?\nAlabaster, Durchmesser 11 cm <\/figcaption><\/figure><\/li><li class=\"blocks-gallery-item\"><figure><a href=\"http:\/\/alexfruehling.de\/wp-content\/uploads\/alle.jpg\"><img decoding=\"async\" loading=\"lazy\" width=\"1024\" height=\"852\" src=\"http:\/\/alexfruehling.de\/wp-content\/uploads\/alle-1024x852.jpg\" alt=\"\" data-id=\"299\" data-full-url=\"http:\/\/alexfruehling.de\/wp-content\/uploads\/alle.jpg\" data-link=\"http:\/\/alexfruehling.de\/?attachment_id=299\" class=\"wp-image-299\" srcset=\"http:\/\/alexfruehling.de\/wp-content\/uploads\/alle-1024x852.jpg 1024w, http:\/\/alexfruehling.de\/wp-content\/uploads\/alle-300x249.jpg 300w, http:\/\/alexfruehling.de\/wp-content\/uploads\/alle-768x639.jpg 768w, http:\/\/alexfruehling.de\/wp-content\/uploads\/alle.jpg 1134w\" sizes=\"(max-width: 1024px) 100vw, 1024px\" \/><\/a><figcaption class=\"blocks-gallery-item__caption\">Fontana di Trevi\n\u00d6l auf Holz,\n38&#215;69 cm\n69&#215;38 cm\n38&#215;69 cm<\/figcaption><\/figure><\/li><li class=\"blocks-gallery-item\"><figure><a href=\"http:\/\/alexfruehling.de\/wp-content\/uploads\/baumdleb-1.jpg\"><img decoding=\"async\" loading=\"lazy\" width=\"178\" height=\"1024\" src=\"http:\/\/alexfruehling.de\/wp-content\/uploads\/baumdleb-1-178x1024.jpg\" alt=\"\" data-id=\"312\" data-full-url=\"http:\/\/alexfruehling.de\/wp-content\/uploads\/baumdleb-1.jpg\" data-link=\"http:\/\/alexfruehling.de\/?attachment_id=312\" class=\"wp-image-312\" srcset=\"http:\/\/alexfruehling.de\/wp-content\/uploads\/baumdleb-1-178x1024.jpg 178w, http:\/\/alexfruehling.de\/wp-content\/uploads\/baumdleb-1-52x300.jpg 52w, http:\/\/alexfruehling.de\/wp-content\/uploads\/baumdleb-1-267x1536.jpg 267w, http:\/\/alexfruehling.de\/wp-content\/uploads\/baumdleb-1-356x2048.jpg 356w, http:\/\/alexfruehling.de\/wp-content\/uploads\/baumdleb-1.jpg 383w\" sizes=\"(max-width: 178px) 100vw, 178px\" \/><\/a><figcaption class=\"blocks-gallery-item__caption\">Bild_BaumDesLebens\n\u00d6l auf Holz,105&#215;19 cm<\/figcaption><\/figure><\/li><li class=\"blocks-gallery-item\"><figure><a href=\"http:\/\/alexfruehling.de\/wp-content\/uploads\/P6210027-1.jpg\"><img decoding=\"async\" loading=\"lazy\" width=\"665\" height=\"1024\" src=\"http:\/\/alexfruehling.de\/wp-content\/uploads\/P6210027-1-665x1024.jpg\" alt=\"\" data-id=\"360\" data-full-url=\"http:\/\/alexfruehling.de\/wp-content\/uploads\/P6210027-1.jpg\" data-link=\"http:\/\/alexfruehling.de\/?attachment_id=360\" class=\"wp-image-360\" srcset=\"http:\/\/alexfruehling.de\/wp-content\/uploads\/P6210027-1-665x1024.jpg 665w, http:\/\/alexfruehling.de\/wp-content\/uploads\/P6210027-1-195x300.jpg 195w, http:\/\/alexfruehling.de\/wp-content\/uploads\/P6210027-1-768x1182.jpg 768w, http:\/\/alexfruehling.de\/wp-content\/uploads\/P6210027-1-998x1536.jpg 998w, http:\/\/alexfruehling.de\/wp-content\/uploads\/P6210027-1-1330x2048.jpg 1330w, http:\/\/alexfruehling.de\/wp-content\/uploads\/P6210027-1.jpg 1333w\" sizes=\"(max-width: 665px) 100vw, 665px\" \/><\/a><figcaption class=\"blocks-gallery-item__caption\">Sitzende Frau \nAcryl auf Papier, 70&#215;50 cm<\/figcaption><\/figure><\/li><li class=\"blocks-gallery-item\"><figure><a href=\"http:\/\/alexfruehling.de\/wp-content\/uploads\/20200303_111702-scaled.jpg\"><img decoding=\"async\" loading=\"lazy\" width=\"768\" height=\"1024\" src=\"http:\/\/alexfruehling.de\/wp-content\/uploads\/20200303_111702-768x1024.jpg\" alt=\"\" data-id=\"305\" data-full-url=\"http:\/\/alexfruehling.de\/wp-content\/uploads\/20200303_111702-scaled.jpg\" data-link=\"http:\/\/alexfruehling.de\/?attachment_id=305\" class=\"wp-image-305\" srcset=\"http:\/\/alexfruehling.de\/wp-content\/uploads\/20200303_111702-768x1024.jpg 768w, http:\/\/alexfruehling.de\/wp-content\/uploads\/20200303_111702-225x300.jpg 225w, http:\/\/alexfruehling.de\/wp-content\/uploads\/20200303_111702-1152x1536.jpg 1152w, http:\/\/alexfruehling.de\/wp-content\/uploads\/20200303_111702-1536x2048.jpg 1536w, http:\/\/alexfruehling.de\/wp-content\/uploads\/20200303_111702-scaled.jpg 1920w\" sizes=\"(max-width: 768px) 100vw, 768px\" \/><\/a><figcaption class=\"blocks-gallery-item__caption\">ohne Titel\n25&#215;25 cm<\/figcaption><\/figure><\/li><li class=\"blocks-gallery-item\"><figure><a href=\"http:\/\/alexfruehling.de\/wp-content\/uploads\/P1190004.jpg\"><img decoding=\"async\" loading=\"lazy\" width=\"812\" height=\"1024\" src=\"http:\/\/alexfruehling.de\/wp-content\/uploads\/P1190004-812x1024.jpg\" alt=\"\" data-id=\"309\" data-full-url=\"http:\/\/alexfruehling.de\/wp-content\/uploads\/P1190004.jpg\" data-link=\"http:\/\/alexfruehling.de\/?attachment_id=309\" class=\"wp-image-309\" srcset=\"http:\/\/alexfruehling.de\/wp-content\/uploads\/P1190004-812x1024.jpg 812w, http:\/\/alexfruehling.de\/wp-content\/uploads\/P1190004-238x300.jpg 238w, http:\/\/alexfruehling.de\/wp-content\/uploads\/P1190004-768x968.jpg 768w, http:\/\/alexfruehling.de\/wp-content\/uploads\/P1190004-1219x1536.jpg 1219w, http:\/\/alexfruehling.de\/wp-content\/uploads\/P1190004.jpg 1451w\" sizes=\"(max-width: 812px) 100vw, 812px\" \/><\/a><figcaption class=\"blocks-gallery-item__caption\">Hero &#8211; Herbst\nAcryl auf Leinwand, 50&#215;40 cm<\/figcaption><\/figure><\/li><li class=\"blocks-gallery-item\"><figure><a href=\"http:\/\/alexfruehling.de\/wp-content\/uploads\/P9260020.jpg\"><img decoding=\"async\" loading=\"lazy\" width=\"1024\" height=\"768\" src=\"http:\/\/alexfruehling.de\/wp-content\/uploads\/P9260020-1024x768.jpg\" alt=\"\" data-id=\"372\" data-full-url=\"http:\/\/alexfruehling.de\/wp-content\/uploads\/P9260020.jpg\" data-link=\"http:\/\/alexfruehling.de\/?attachment_id=372\" class=\"wp-image-372\" srcset=\"http:\/\/alexfruehling.de\/wp-content\/uploads\/P9260020-1024x768.jpg 1024w, http:\/\/alexfruehling.de\/wp-content\/uploads\/P9260020-300x225.jpg 300w, http:\/\/alexfruehling.de\/wp-content\/uploads\/P9260020-768x576.jpg 768w, http:\/\/alexfruehling.de\/wp-content\/uploads\/P9260020-1536x1152.jpg 1536w, http:\/\/alexfruehling.de\/wp-content\/uploads\/P9260020-2048x1536.jpg 2048w\" sizes=\"(max-width: 1024px) 100vw, 1024px\" \/><\/a><figcaption class=\"blocks-gallery-item__caption\">Ohne Titel\nSpeckstein, 6&#215;15 cm<\/figcaption><\/figure><\/li><li class=\"blocks-gallery-item\"><figure><a href=\"http:\/\/alexfruehling.de\/wp-content\/uploads\/IMG-20200228-WA0000.jpg\"><img decoding=\"async\" loading=\"lazy\" width=\"768\" height=\"1024\" src=\"http:\/\/alexfruehling.de\/wp-content\/uploads\/IMG-20200228-WA0000-768x1024.jpg\" alt=\"\" data-id=\"277\" data-full-url=\"http:\/\/alexfruehling.de\/wp-content\/uploads\/IMG-20200228-WA0000.jpg\" data-link=\"http:\/\/alexfruehling.de\/?attachment_id=277\" class=\"wp-image-277\" srcset=\"http:\/\/alexfruehling.de\/wp-content\/uploads\/IMG-20200228-WA0000-768x1024.jpg 768w, http:\/\/alexfruehling.de\/wp-content\/uploads\/IMG-20200228-WA0000-225x300.jpg 225w, http:\/\/alexfruehling.de\/wp-content\/uploads\/IMG-20200228-WA0000-1152x1536.jpg 1152w, http:\/\/alexfruehling.de\/wp-content\/uploads\/IMG-20200228-WA0000.jpg 1200w\" sizes=\"(max-width: 768px) 100vw, 768px\" \/><\/a><figcaption class=\"blocks-gallery-item__caption\">La Sirena\nKeramik, 41,5&#215;14 cm <\/figcaption><\/figure><\/li><li class=\"blocks-gallery-item\"><figure><a href=\"http:\/\/alexfruehling.de\/wp-content\/uploads\/PB230082.jpg\"><img decoding=\"async\" loading=\"lazy\" width=\"612\" height=\"1024\" src=\"http:\/\/alexfruehling.de\/wp-content\/uploads\/PB230082-612x1024.jpg\" alt=\"\" data-id=\"376\" data-full-url=\"http:\/\/alexfruehling.de\/wp-content\/uploads\/PB230082.jpg\" data-link=\"http:\/\/alexfruehling.de\/?attachment_id=376\" class=\"wp-image-376\" srcset=\"http:\/\/alexfruehling.de\/wp-content\/uploads\/PB230082-612x1024.jpg 612w, http:\/\/alexfruehling.de\/wp-content\/uploads\/PB230082-179x300.jpg 179w, http:\/\/alexfruehling.de\/wp-content\/uploads\/PB230082-768x1284.jpg 768w, http:\/\/alexfruehling.de\/wp-content\/uploads\/PB230082-918x1536.jpg 918w, http:\/\/alexfruehling.de\/wp-content\/uploads\/PB230082.jpg 1145w\" sizes=\"(max-width: 612px) 100vw, 612px\" \/><\/a><figcaption class=\"blocks-gallery-item__caption\">OLYMPUS DIGITAL CAMERA<\/figcaption><\/figure><\/li><li class=\"blocks-gallery-item\"><figure><a href=\"http:\/\/alexfruehling.de\/wp-content\/uploads\/PB240100-1.jpg\"><img decoding=\"async\" loading=\"lazy\" width=\"859\" height=\"1024\" src=\"http:\/\/alexfruehling.de\/wp-content\/uploads\/PB240100-1-859x1024.jpg\" alt=\"\" data-id=\"377\" data-full-url=\"http:\/\/alexfruehling.de\/wp-content\/uploads\/PB240100-1.jpg\" data-link=\"http:\/\/alexfruehling.de\/?attachment_id=377\" class=\"wp-image-377\" srcset=\"http:\/\/alexfruehling.de\/wp-content\/uploads\/PB240100-1-859x1024.jpg 859w, http:\/\/alexfruehling.de\/wp-content\/uploads\/PB240100-1-252x300.jpg 252w, http:\/\/alexfruehling.de\/wp-content\/uploads\/PB240100-1-768x916.jpg 768w, http:\/\/alexfruehling.de\/wp-content\/uploads\/PB240100-1.jpg 1046w\" sizes=\"(max-width: 859px) 100vw, 859px\" \/><\/a><figcaption class=\"blocks-gallery-item__caption\">Parco naturale\n\u00d6l auf Leinwand, 60&#215;50 cm<\/figcaption><\/figure><\/li><li class=\"blocks-gallery-item\"><figure><a href=\"http:\/\/alexfruehling.de\/wp-content\/uploads\/P9080089.jpg\"><img decoding=\"async\" loading=\"lazy\" width=\"1024\" height=\"514\" src=\"http:\/\/alexfruehling.de\/wp-content\/uploads\/P9080089-1024x514.jpg\" alt=\"\" data-id=\"303\" data-full-url=\"http:\/\/alexfruehling.de\/wp-content\/uploads\/P9080089.jpg\" data-link=\"http:\/\/alexfruehling.de\/?attachment_id=303\" class=\"wp-image-303\" srcset=\"http:\/\/alexfruehling.de\/wp-content\/uploads\/P9080089-1024x514.jpg 1024w, http:\/\/alexfruehling.de\/wp-content\/uploads\/P9080089-300x151.jpg 300w, http:\/\/alexfruehling.de\/wp-content\/uploads\/P9080089-768x385.jpg 768w, http:\/\/alexfruehling.de\/wp-content\/uploads\/P9080089-1536x771.jpg 1536w, http:\/\/alexfruehling.de\/wp-content\/uploads\/P9080089.jpg 1758w\" sizes=\"(max-width: 1024px) 100vw, 1024px\" \/><\/a><figcaption class=\"blocks-gallery-item__caption\">Schneeweite\n\u00d6l auf Leinwand, 50&#215;100 cm<\/figcaption><\/figure><\/li><li class=\"blocks-gallery-item\"><figure><a href=\"http:\/\/alexfruehling.de\/wp-content\/uploads\/20190918_132531-scaled.jpg\"><img decoding=\"async\" loading=\"lazy\" width=\"1024\" height=\"768\" src=\"http:\/\/alexfruehling.de\/wp-content\/uploads\/20190918_132531-1024x768.jpg\" alt=\"\" data-id=\"473\" data-full-url=\"http:\/\/alexfruehling.de\/wp-content\/uploads\/20190918_132531-scaled.jpg\" data-link=\"http:\/\/alexfruehling.de\/?attachment_id=473\" class=\"wp-image-473\" srcset=\"http:\/\/alexfruehling.de\/wp-content\/uploads\/20190918_132531-1024x768.jpg 1024w, http:\/\/alexfruehling.de\/wp-content\/uploads\/20190918_132531-300x225.jpg 300w, http:\/\/alexfruehling.de\/wp-content\/uploads\/20190918_132531-768x576.jpg 768w, http:\/\/alexfruehling.de\/wp-content\/uploads\/20190918_132531-1536x1152.jpg 1536w, http:\/\/alexfruehling.de\/wp-content\/uploads\/20190918_132531-2048x1536.jpg 2048w\" sizes=\"(max-width: 1024px) 100vw, 1024px\" \/><\/a><\/figure><\/li><li class=\"blocks-gallery-item\"><figure><a href=\"http:\/\/alexfruehling.de\/wp-content\/uploads\/20200204_115738-scaled.jpg\"><img decoding=\"async\" loading=\"lazy\" width=\"1024\" height=\"768\" src=\"http:\/\/alexfruehling.de\/wp-content\/uploads\/20200204_115738-1024x768.jpg\" alt=\"\" data-id=\"478\" data-full-url=\"http:\/\/alexfruehling.de\/wp-content\/uploads\/20200204_115738-scaled.jpg\" data-link=\"http:\/\/alexfruehling.de\/?attachment_id=478\" class=\"wp-image-478\" srcset=\"http:\/\/alexfruehling.de\/wp-content\/uploads\/20200204_115738-1024x768.jpg 1024w, http:\/\/alexfruehling.de\/wp-content\/uploads\/20200204_115738-300x225.jpg 300w, http:\/\/alexfruehling.de\/wp-content\/uploads\/20200204_115738-768x576.jpg 768w, http:\/\/alexfruehling.de\/wp-content\/uploads\/20200204_115738-1536x1152.jpg 1536w, http:\/\/alexfruehling.de\/wp-content\/uploads\/20200204_115738-2048x1536.jpg 2048w\" sizes=\"(max-width: 1024px) 100vw, 1024px\" \/><\/a><\/figure><\/li><li class=\"blocks-gallery-item\"><figure><a href=\"http:\/\/alexfruehling.de\/wp-content\/uploads\/PB240104.jpg\"><img decoding=\"async\" loading=\"lazy\" width=\"1024\" height=\"870\" src=\"http:\/\/alexfruehling.de\/wp-content\/uploads\/PB240104-1024x870.jpg\" alt=\"\" data-id=\"302\" data-full-url=\"http:\/\/alexfruehling.de\/wp-content\/uploads\/PB240104.jpg\" data-link=\"http:\/\/alexfruehling.de\/?attachment_id=302\" class=\"wp-image-302\" srcset=\"http:\/\/alexfruehling.de\/wp-content\/uploads\/PB240104-1024x870.jpg 1024w, http:\/\/alexfruehling.de\/wp-content\/uploads\/PB240104-300x255.jpg 300w, http:\/\/alexfruehling.de\/wp-content\/uploads\/PB240104-768x653.jpg 768w, http:\/\/alexfruehling.de\/wp-content\/uploads\/PB240104-1536x1305.jpg 1536w, http:\/\/alexfruehling.de\/wp-content\/uploads\/PB240104.jpg 1869w\" sizes=\"(max-width: 1024px) 100vw, 1024px\" \/><\/a><figcaption class=\"blocks-gallery-item__caption\">Zweisamkeit\n\u00d6l auf Leinwand, 50&#215;60 cm<\/figcaption><\/figure><\/li><\/ul><\/figure>\n<\/div>\n<\/div>\n\n\n\n<p><\/p>\n","protected":false},"excerpt":{"rendered":"<p>Alexandra Fr\u00fchling zeigt eine Auswahl ihrer Skulpturen und Bilder auf Holz und Leinwand, bei denen Naturmaterialien zum Einsatz kommen. Sie besch\u00e4ftigt sich intensiv mit dem Menschen, insbesondere der Art, wie er sich in die Natur integriert &#8211; dabei erz\u00e4hlt jedes ihrer Bilder mit seiner Symbiose von Form, Farbe und Natur eine eigene Geschichte. Fr\u00fchlings Leben [&hellip;]<\/p>\n","protected":false},"author":1,"featured_media":0,"parent":0,"menu_order":0,"comment_status":"closed","ping_status":"closed","template":"","meta":[],"_links":{"self":[{"href":"http:\/\/alexfruehling.de\/index.php?rest_route=\/wp\/v2\/pages\/313"}],"collection":[{"href":"http:\/\/alexfruehling.de\/index.php?rest_route=\/wp\/v2\/pages"}],"about":[{"href":"http:\/\/alexfruehling.de\/index.php?rest_route=\/wp\/v2\/types\/page"}],"author":[{"embeddable":true,"href":"http:\/\/alexfruehling.de\/index.php?rest_route=\/wp\/v2\/users\/1"}],"replies":[{"embeddable":true,"href":"http:\/\/alexfruehling.de\/index.php?rest_route=%2Fwp%2Fv2%2Fcomments&post=313"}],"version-history":[{"count":51,"href":"http:\/\/alexfruehling.de\/index.php?rest_route=\/wp\/v2\/pages\/313\/revisions"}],"predecessor-version":[{"id":573,"href":"http:\/\/alexfruehling.de\/index.php?rest_route=\/wp\/v2\/pages\/313\/revisions\/573"}],"wp:attachment":[{"href":"http:\/\/alexfruehling.de\/index.php?rest_route=%2Fwp%2Fv2%2Fmedia&parent=313"}],"curies":[{"name":"wp","href":"https:\/\/api.w.org\/{rel}","templated":true}]}}