{"id":33,"date":"2020-03-15T21:01:32","date_gmt":"2020-03-15T20:01:32","guid":{"rendered":"http:\/\/alexfruehling.de\/?page_id=33"},"modified":"2020-09-11T13:19:15","modified_gmt":"2020-09-11T11:19:15","slug":"workshops","status":"publish","type":"page","link":"http:\/\/alexfruehling.de\/?page_id=33","title":{"rendered":"Workshops"},"content":{"rendered":"\n<h2>Kunst mit allen Sinnen &#8211; Workshops<\/h2>\n\n\n\n<p class=\"has-medium-font-size\">Regelm\u00e4\u00dfig biete ich auch in den Schulferien mehrt\u00e4gige Workshops f\u00fcr Kinder und Jugendliche an. <\/p>\n\n\n\n<p class=\"has-medium-font-size\">Es sind noch <strong><span class=\"has-inline-color has-very-dark-gray-color\">ein bis zwei Pl\u00e4tze frei<\/span><\/strong> bei meinen <strong><span class=\"has-inline-color has-very-dark-gray-color\">Sommerferienworkshops<\/span><\/strong> in K\u00f6ln-Nippes:<\/p>\n\n\n\n<div class=\"is-layout-flex wp-container-3 wp-block-columns\">\n<div class=\"is-layout-flow wp-block-column\">\n<ol><li>Ferienwoche:<\/li><\/ol>\n\n\n\n<p>Montag 29.6. 15:15 &#8211; 17:15 Uhr &#8222;Farben aus Naturmaterialien herstellen und damit malen&#8220; f\u00fcr Kinder bis ca. 9 Jahre<\/p>\n\n\n\n<p>Dienstag, 30.6. 10:30 &#8211; 13 Uhr &#8222;Mit Salbei\u00f6lfarbe auf Holzrinde malen&#8220; oder &#8222;Stein bearbeiten&#8220; f\u00fcr Jugendliche ab ca. 13 Jahren<\/p>\n\n\n\n<p>Dienstag, 30.6. 15 &#8211; 17 Uhr &#8222;Mit Salbei\u00f6lfarbe auf Holzrinde malen&#8220; oder &#8222;In Ton arbeiten&#8220; f\u00fcr Kinder ab 10 Jahren<\/p>\n\n\n\n<p>2. Ferienwoche:<\/p>\n\n\n\n<p>Montag, 06.07. 10 &#8211; 12 Uhr &#8222;Wir sprayen\/malen auf Stoff\/Leinwand und malen mit Salbei\u00f6lfarbe in der Natur oder Vogeltr\u00e4nke aus Ton&#8220; f\u00fcr Kinder ab 8 Jahren<\/p>\n\n\n\n<p>Montag, 06.07. 15:30 &#8211; 17:30 &#8222;Sandskulpturen in \u00dcberlebensgr\u00f6\u00dfe bauen&#8220; f\u00fcr Kinder bis ca. 8 Jahren<\/p>\n\n\n\n<p>Letzte Ferienwoche:<\/p>\n\n\n\n<p>Dienstag, 11.08. 10:30-13 Uhr &#8222;Kunst in der Natur&#8220; (Holz \/ Farbe \/ Stein \/ Ton) f\u00fcr Jugendliche ab 13 Jahre<\/p>\n\n\n\n<p>Dienstag, 11.8. 15:20-17:20 Uhr &#8222;Kunst in der Natur&#8220; f\u00fcr Kinder\/Jugendliche bis 13 Jahren<\/p>\n\n\n\n<p>    <\/p>\n\n\n\n<p>   <\/p>\n<\/div>\n\n\n\n<div class=\"is-layout-flow wp-block-column\">\n<p><\/p>\n<\/div>\n<\/div>\n\n\n\n<p>Infos und Anmeldung:   Alex Fr\u00fchling Schillstr. 9 &#8211; Tel 0152\/09474328<\/p>\n\n\n\n<figure class=\"is-layout-flex wp-block-gallery-4 wp-block-gallery columns-3 is-cropped\"><ul class=\"blocks-gallery-grid\"><li class=\"blocks-gallery-item\"><figure><img decoding=\"async\" loading=\"lazy\" width=\"1024\" height=\"576\" src=\"http:\/\/alexfruehling.de\/wp-content\/uploads\/20160714_135629-steindraussen-1024x576.jpg\" alt=\"\" data-id=\"237\" data-full-url=\"http:\/\/alexfruehling.de\/wp-content\/uploads\/20160714_135629-steindraussen-scaled.jpg\" data-link=\"http:\/\/alexfruehling.de\/?attachment_id=237\" class=\"wp-image-237\" srcset=\"http:\/\/alexfruehling.de\/wp-content\/uploads\/20160714_135629-steindraussen-1024x576.jpg 1024w, http:\/\/alexfruehling.de\/wp-content\/uploads\/20160714_135629-steindraussen-300x169.jpg 300w, http:\/\/alexfruehling.de\/wp-content\/uploads\/20160714_135629-steindraussen-768x432.jpg 768w, http:\/\/alexfruehling.de\/wp-content\/uploads\/20160714_135629-steindraussen-1536x864.jpg 1536w, http:\/\/alexfruehling.de\/wp-content\/uploads\/20160714_135629-steindraussen-2048x1152.jpg 2048w\" sizes=\"(max-width: 1024px) 100vw, 1024px\" \/><\/figure><\/li><li class=\"blocks-gallery-item\"><figure><img decoding=\"async\" loading=\"lazy\" width=\"1024\" height=\"683\" src=\"http:\/\/alexfruehling.de\/wp-content\/uploads\/Canon-2014-480-1024x683.jpg\" alt=\"\" data-id=\"233\" data-full-url=\"http:\/\/alexfruehling.de\/wp-content\/uploads\/Canon-2014-480-scaled.jpg\" data-link=\"http:\/\/alexfruehling.de\/?attachment_id=233\" class=\"wp-image-233\" srcset=\"http:\/\/alexfruehling.de\/wp-content\/uploads\/Canon-2014-480-1024x683.jpg 1024w, http:\/\/alexfruehling.de\/wp-content\/uploads\/Canon-2014-480-300x200.jpg 300w, http:\/\/alexfruehling.de\/wp-content\/uploads\/Canon-2014-480-768x512.jpg 768w, http:\/\/alexfruehling.de\/wp-content\/uploads\/Canon-2014-480-1536x1024.jpg 1536w, http:\/\/alexfruehling.de\/wp-content\/uploads\/Canon-2014-480-2048x1365.jpg 2048w\" sizes=\"(max-width: 1024px) 100vw, 1024px\" \/><\/figure><\/li><li class=\"blocks-gallery-item\"><figure><img decoding=\"async\" loading=\"lazy\" width=\"1024\" height=\"683\" src=\"http:\/\/alexfruehling.de\/wp-content\/uploads\/Canon-2014-488-1024x683.jpg\" alt=\"\" data-id=\"234\" data-full-url=\"http:\/\/alexfruehling.de\/wp-content\/uploads\/Canon-2014-488-scaled.jpg\" data-link=\"http:\/\/alexfruehling.de\/?attachment_id=234\" class=\"wp-image-234\" srcset=\"http:\/\/alexfruehling.de\/wp-content\/uploads\/Canon-2014-488-1024x683.jpg 1024w, http:\/\/alexfruehling.de\/wp-content\/uploads\/Canon-2014-488-300x200.jpg 300w, http:\/\/alexfruehling.de\/wp-content\/uploads\/Canon-2014-488-768x512.jpg 768w, http:\/\/alexfruehling.de\/wp-content\/uploads\/Canon-2014-488-1536x1024.jpg 1536w, http:\/\/alexfruehling.de\/wp-content\/uploads\/Canon-2014-488-2048x1365.jpg 2048w\" sizes=\"(max-width: 1024px) 100vw, 1024px\" \/><\/figure><\/li><li class=\"blocks-gallery-item\"><figure><img decoding=\"async\" loading=\"lazy\" width=\"1024\" height=\"683\" src=\"http:\/\/alexfruehling.de\/wp-content\/uploads\/Canon-2014-489-1024x683.jpg\" alt=\"\" data-id=\"235\" data-full-url=\"http:\/\/alexfruehling.de\/wp-content\/uploads\/Canon-2014-489-scaled.jpg\" data-link=\"http:\/\/alexfruehling.de\/?attachment_id=235\" class=\"wp-image-235\" srcset=\"http:\/\/alexfruehling.de\/wp-content\/uploads\/Canon-2014-489-1024x683.jpg 1024w, http:\/\/alexfruehling.de\/wp-content\/uploads\/Canon-2014-489-300x200.jpg 300w, http:\/\/alexfruehling.de\/wp-content\/uploads\/Canon-2014-489-768x512.jpg 768w, http:\/\/alexfruehling.de\/wp-content\/uploads\/Canon-2014-489-1536x1024.jpg 1536w, http:\/\/alexfruehling.de\/wp-content\/uploads\/Canon-2014-489-2048x1365.jpg 2048w\" sizes=\"(max-width: 1024px) 100vw, 1024px\" \/><\/figure><\/li><li class=\"blocks-gallery-item\"><figure><img decoding=\"async\" loading=\"lazy\" width=\"630\" height=\"482\" src=\"http:\/\/alexfruehling.de\/wp-content\/uploads\/Kinderkunst02.jpg\" alt=\"\" data-id=\"199\" data-full-url=\"http:\/\/alexfruehling.de\/wp-content\/uploads\/Kinderkunst02.jpg\" data-link=\"http:\/\/alexfruehling.de\/?attachment_id=199\" class=\"wp-image-199\" srcset=\"http:\/\/alexfruehling.de\/wp-content\/uploads\/Kinderkunst02.jpg 630w, http:\/\/alexfruehling.de\/wp-content\/uploads\/Kinderkunst02-300x230.jpg 300w\" sizes=\"(max-width: 630px) 100vw, 630px\" \/><\/figure><\/li><\/ul><\/figure>\n","protected":false},"excerpt":{"rendered":"<p>Kunst mit allen Sinnen &#8211; Workshops Regelm\u00e4\u00dfig biete ich auch in den Schulferien mehrt\u00e4gige Workshops f\u00fcr Kinder und Jugendliche an. Es sind noch ein bis zwei Pl\u00e4tze frei bei meinen Sommerferienworkshops in K\u00f6ln-Nippes: Ferienwoche: Montag 29.6. 15:15 &#8211; 17:15 Uhr &#8222;Farben aus Naturmaterialien herstellen und damit malen&#8220; f\u00fcr Kinder bis ca. 9 Jahre Dienstag, 30.6. [&hellip;]<\/p>\n","protected":false},"author":1,"featured_media":0,"parent":0,"menu_order":0,"comment_status":"closed","ping_status":"closed","template":"","meta":[],"_links":{"self":[{"href":"http:\/\/alexfruehling.de\/index.php?rest_route=\/wp\/v2\/pages\/33"}],"collection":[{"href":"http:\/\/alexfruehling.de\/index.php?rest_route=\/wp\/v2\/pages"}],"about":[{"href":"http:\/\/alexfruehling.de\/index.php?rest_route=\/wp\/v2\/types\/page"}],"author":[{"embeddable":true,"href":"http:\/\/alexfruehling.de\/index.php?rest_route=\/wp\/v2\/users\/1"}],"replies":[{"embeddable":true,"href":"http:\/\/alexfruehling.de\/index.php?rest_route=%2Fwp%2Fv2%2Fcomments&post=33"}],"version-history":[{"count":33,"href":"http:\/\/alexfruehling.de\/index.php?rest_route=\/wp\/v2\/pages\/33\/revisions"}],"predecessor-version":[{"id":526,"href":"http:\/\/alexfruehling.de\/index.php?rest_route=\/wp\/v2\/pages\/33\/revisions\/526"}],"wp:attachment":[{"href":"http:\/\/alexfruehling.de\/index.php?rest_route=%2Fwp%2Fv2%2Fmedia&parent=33"}],"curies":[{"name":"wp","href":"https:\/\/api.w.org\/{rel}","templated":true}]}}