{"id":48,"date":"2020-03-16T11:03:18","date_gmt":"2020-03-16T10:03:18","guid":{"rendered":"http:\/\/alexfruehling.de\/?page_id=48"},"modified":"2020-09-11T13:14:33","modified_gmt":"2020-09-11T11:14:33","slug":"mach-dein-ding","status":"publish","type":"page","link":"http:\/\/alexfruehling.de\/?page_id=48","title":{"rendered":"Mach dein Ding!"},"content":{"rendered":"\n<h3>Mach Dein Ding!<\/h3>\n\n\n\n<p class=\"has-medium-font-size\">Bei uns im Atelier der Kunstwerkschule Nippes &#8211; Schillstr. 9 &#8211; sind <span class=\"has-inline-color has-pale-pink-color\">zwei Pl\u00e4tze<\/span> frei<\/p>\n\n\n\n<p class=\"has-medium-font-size\">Wir bauen\/modellieren\/zeichnen\/arbeiten mit Farbe\/Ton\/Stein und Holz, auch auf Leinwand.<\/p>\n\n\n\n<p class=\"has-pale-pink-color has-text-color\" style=\"font-size:22px\">Komm f\u00fcr eine Probestunde vorbei &#8211; Mach Dein Ding!<\/p>\n\n\n\n<p class=\"has-medium-font-size\">Dienstag<\/p>\n\n\n\n<p class=\"has-medium-font-size\">15.20 &#8211; 16.20 Uhr (ab ca. 9 Jahren)<\/p>\n\n\n\n<p class=\"has-medium-font-size\">16.20 &#8211; 17.20 Uhr (ab ca. 13 Jahren)<\/p>\n\n\n\n<p class=\"has-medium-font-size\"><a href=\"http:\/\/alexfruehling.de\/?page_id=33\">Workshops<\/a> &nbsp;  in den Schulferien!<\/p>\n\n\n\n<p class=\"has-medium-font-size\">Ich bin freie K\u00fcnstlerin und gebe seit mehr als 10 Jahren regelm\u00e4\u00dfig Kunstkurse und Workshops f\u00fcr Kinder und Jugendliche in Nippes &#8211; z.Z. im Atelier der Kunstwerkschule Nippes.<\/p>\n\n\n\n<p><\/p>\n\n\n\n<p><\/p>\n","protected":false},"excerpt":{"rendered":"<p>Mach Dein Ding! Bei uns im Atelier der Kunstwerkschule Nippes &#8211; Schillstr. 9 &#8211; sind zwei Pl\u00e4tze frei Wir bauen\/modellieren\/zeichnen\/arbeiten mit Farbe\/Ton\/Stein und Holz, auch auf Leinwand. Komm f\u00fcr eine Probestunde vorbei &#8211; Mach Dein Ding! Dienstag 15.20 &#8211; 16.20 Uhr (ab ca. 9 Jahren) 16.20 &#8211; 17.20 Uhr (ab ca. 13 Jahren) Workshops &nbsp; [&hellip;]<\/p>\n","protected":false},"author":1,"featured_media":0,"parent":0,"menu_order":0,"comment_status":"closed","ping_status":"closed","template":"","meta":[],"_links":{"self":[{"href":"http:\/\/alexfruehling.de\/index.php?rest_route=\/wp\/v2\/pages\/48"}],"collection":[{"href":"http:\/\/alexfruehling.de\/index.php?rest_route=\/wp\/v2\/pages"}],"about":[{"href":"http:\/\/alexfruehling.de\/index.php?rest_route=\/wp\/v2\/types\/page"}],"author":[{"embeddable":true,"href":"http:\/\/alexfruehling.de\/index.php?rest_route=\/wp\/v2\/users\/1"}],"replies":[{"embeddable":true,"href":"http:\/\/alexfruehling.de\/index.php?rest_route=%2Fwp%2Fv2%2Fcomments&post=48"}],"version-history":[{"count":22,"href":"http:\/\/alexfruehling.de\/index.php?rest_route=\/wp\/v2\/pages\/48\/revisions"}],"predecessor-version":[{"id":525,"href":"http:\/\/alexfruehling.de\/index.php?rest_route=\/wp\/v2\/pages\/48\/revisions\/525"}],"wp:attachment":[{"href":"http:\/\/alexfruehling.de\/index.php?rest_route=%2Fwp%2Fv2%2Fmedia&parent=48"}],"curies":[{"name":"wp","href":"https:\/\/api.w.org\/{rel}","templated":true}]}}