{"id":88,"date":"2020-03-27T09:27:54","date_gmt":"2020-03-27T08:27:54","guid":{"rendered":"http:\/\/alexfruehling.de\/?page_id=88"},"modified":"2020-03-27T17:44:05","modified_gmt":"2020-03-27T16:44:05","slug":"impressum","status":"publish","type":"page","link":"http:\/\/alexfruehling.de\/?page_id=88","title":{"rendered":"Impressum"},"content":{"rendered":"\n<h3>Impressum<\/h3>\n\n\n\n<p><br> Informationen gem\u00e4\u00df Telemediengesetz (TMG):<\/p>\n\n\n\n<p>Inhaber: Alexandra Fr\u00fchling, freie K\u00fcnstlerin<\/p>\n\n\n\n<p><strong>Anschrift:<\/strong><\/p>\n\n\n\n<p> Alexandra Fr\u00fchling<br> Am alten Stellwerk 30<br> 50733 K\u00f6ln \u2022 Germany <\/p>\n\n\n\n<p> Telefon: +49  \u2013  0152 \u2013 09474328  <\/p>\n\n\n\n<p><\/p>\n\n\n\n<p> Email: info[at]alexfruehling.de<\/p>\n\n\n\n<p> Steuernr.:  217\/5080\/2992<\/p>\n\n\n\n<p> Verantwortlich f\u00fcr den Inhalt&nbsp;dieser Website: Alexandra Fr\u00fchling <\/p>\n","protected":false},"excerpt":{"rendered":"<p>Impressum Informationen gem\u00e4\u00df Telemediengesetz (TMG): Inhaber: Alexandra Fr\u00fchling, freie K\u00fcnstlerin Anschrift: Alexandra Fr\u00fchling Am alten Stellwerk 30 50733 K\u00f6ln \u2022 Germany Telefon: +49 \u2013 0152 \u2013 09474328 Email: info[at]alexfruehling.de Steuernr.: 217\/5080\/2992 Verantwortlich f\u00fcr den Inhalt&nbsp;dieser Website: Alexandra Fr\u00fchling<\/p>\n","protected":false},"author":1,"featured_media":0,"parent":0,"menu_order":0,"comment_status":"closed","ping_status":"closed","template":"","meta":[],"_links":{"self":[{"href":"http:\/\/alexfruehling.de\/index.php?rest_route=\/wp\/v2\/pages\/88"}],"collection":[{"href":"http:\/\/alexfruehling.de\/index.php?rest_route=\/wp\/v2\/pages"}],"about":[{"href":"http:\/\/alexfruehling.de\/index.php?rest_route=\/wp\/v2\/types\/page"}],"author":[{"embeddable":true,"href":"http:\/\/alexfruehling.de\/index.php?rest_route=\/wp\/v2\/users\/1"}],"replies":[{"embeddable":true,"href":"http:\/\/alexfruehling.de\/index.php?rest_route=%2Fwp%2Fv2%2Fcomments&post=88"}],"version-history":[{"count":9,"href":"http:\/\/alexfruehling.de\/index.php?rest_route=\/wp\/v2\/pages\/88\/revisions"}],"predecessor-version":[{"id":114,"href":"http:\/\/alexfruehling.de\/index.php?rest_route=\/wp\/v2\/pages\/88\/revisions\/114"}],"wp:attachment":[{"href":"http:\/\/alexfruehling.de\/index.php?rest_route=%2Fwp%2Fv2%2Fmedia&parent=88"}],"curies":[{"name":"wp","href":"https:\/\/api.w.org\/{rel}","templated":true}]}}